{"id":858,"date":"2013-03-22T17:10:14","date_gmt":"2013-03-22T21:10:14","guid":{"rendered":"https:\/\/conceptioncuir.com\/?post_type=product&#038;p=858"},"modified":"2020-11-29T14:08:55","modified_gmt":"2020-11-29T19:08:55","slug":"les-tulipes-du-printemps","status":"publish","type":"product","link":"https:\/\/conceptioncuir.com\/en\/boutique-conceptioncuir\/decoration-en\/paintings-en\/les-tulipes-du-printemps\/","title":{"rendered":"PICTURE, LES TULIPES DU PRINTEMPS"},"content":{"rendered":"<p>Les tulipes du printemps, tableau 19 po x 48 p0.Sculpture en cuir ,bas relief\u00a0 num\u00e9rot\u00e9e et certifi\u00e9e etc&#8230;<\/p>\n","protected":false},"excerpt":{"rendered":"<p>Les tulipes du printemps, tableau 19 po x 48 p0.Sculpture en cuir ,bas relief\u00a0 num\u00e9rot\u00e9e et certifi\u00e9e etc&#8230;<\/p>\n","protected":false},"featured_media":4686,"template":"","meta":[],"product_brand":[],"product_cat":[219,220],"product_tag":[],"class_list":{"0":"post-858","1":"product","2":"type-product","3":"status-publish","4":"has-post-thumbnail","6":"product_cat-decoration-en","7":"product_cat-paintings-en","9":"first","10":"instock","11":"sale","12":"taxable","13":"shipping-taxable","14":"purchasable","15":"product-type-simple"},"_links":{"self":[{"href":"https:\/\/conceptioncuir.com\/en\/wp-json\/wp\/v2\/product\/858","targetHints":{"allow":["GET"]}}],"collection":[{"href":"https:\/\/conceptioncuir.com\/en\/wp-json\/wp\/v2\/product"}],"about":[{"href":"https:\/\/conceptioncuir.com\/en\/wp-json\/wp\/v2\/types\/product"}],"wp:featuredmedia":[{"embeddable":true,"href":"https:\/\/conceptioncuir.com\/en\/wp-json\/wp\/v2\/media\/4686"}],"wp:attachment":[{"href":"https:\/\/conceptioncuir.com\/en\/wp-json\/wp\/v2\/media?parent=858"}],"wp:term":[{"taxonomy":"product_brand","embeddable":true,"href":"https:\/\/conceptioncuir.com\/en\/wp-json\/wp\/v2\/product_brand?post=858"},{"taxonomy":"product_cat","embeddable":true,"href":"https:\/\/conceptioncuir.com\/en\/wp-json\/wp\/v2\/product_cat?post=858"},{"taxonomy":"product_tag","embeddable":true,"href":"https:\/\/conceptioncuir.com\/en\/wp-json\/wp\/v2\/product_tag?post=858"}],"curies":[{"name":"wp","href":"https:\/\/api.w.org\/{rel}","templated":true}]}}