{"id":1945,"date":"2013-04-28T11:43:11","date_gmt":"2013-04-28T15:43:11","guid":{"rendered":"https:\/\/conceptioncuir.com\/boutique-en-ligne\/justin-2\/"},"modified":"2015-08-07T09:56:40","modified_gmt":"2015-08-07T13:56:40","slug":"justin","status":"publish","type":"product","link":"https:\/\/conceptioncuir.com\/en\/boutique-conceptioncuir\/briefcase\/justin-en\/justin\/","title":{"rendered":"JUSTIN (BRIEFCASE)"},"content":{"rendered":"<p>Balck unisex briefcase with a large back pocket, two interior pockets and handles.<\/p>\n<p>Your company&#8217;s logo can be added. Additional costs may apply.<\/p>\n<p><strong>Dimensions\u00a0:\u00a0<\/strong>18 in. long. x 12 in. high x 3 in. wide<\/p>\n","protected":false},"excerpt":{"rendered":"<p>Porte-documents noir unisexe avec une grande pochette arri\u00e8re, deux pochettes int\u00e9rieures et poign\u00e9es.<\/p>\n","protected":false},"featured_media":8362,"template":"","meta":[],"product_brand":[],"product_cat":[328,413,382],"product_tag":[],"class_list":{"0":"post-1945","1":"product","2":"type-product","3":"status-publish","4":"has-post-thumbnail","6":"product_cat-artistic-en","7":"product_cat-briefcase","8":"product_cat-justin-en","10":"first","11":"instock","12":"taxable","13":"shipping-taxable","14":"purchasable","15":"product-type-simple"},"_links":{"self":[{"href":"https:\/\/conceptioncuir.com\/en\/wp-json\/wp\/v2\/product\/1945","targetHints":{"allow":["GET"]}}],"collection":[{"href":"https:\/\/conceptioncuir.com\/en\/wp-json\/wp\/v2\/product"}],"about":[{"href":"https:\/\/conceptioncuir.com\/en\/wp-json\/wp\/v2\/types\/product"}],"wp:featuredmedia":[{"embeddable":true,"href":"https:\/\/conceptioncuir.com\/en\/wp-json\/wp\/v2\/media\/8362"}],"wp:attachment":[{"href":"https:\/\/conceptioncuir.com\/en\/wp-json\/wp\/v2\/media?parent=1945"}],"wp:term":[{"taxonomy":"product_brand","embeddable":true,"href":"https:\/\/conceptioncuir.com\/en\/wp-json\/wp\/v2\/product_brand?post=1945"},{"taxonomy":"product_cat","embeddable":true,"href":"https:\/\/conceptioncuir.com\/en\/wp-json\/wp\/v2\/product_cat?post=1945"},{"taxonomy":"product_tag","embeddable":true,"href":"https:\/\/conceptioncuir.com\/en\/wp-json\/wp\/v2\/product_tag?post=1945"}],"curies":[{"name":"wp","href":"https:\/\/api.w.org\/{rel}","templated":true}]}}