{"id":14109,"date":"2021-04-29T16:22:52","date_gmt":"2021-04-29T20:22:52","guid":{"rendered":"https:\/\/conceptioncuir.com\/boutique-conceptioncuir\/sac-a-cosmetique-victoria-fleur-4-2\/"},"modified":"2021-04-29T16:52:23","modified_gmt":"2021-04-29T20:52:23","slug":"sac-a-cosmetique-victoria-fleur-4-2","status":"publish","type":"product","link":"https:\/\/conceptioncuir.com\/en\/boutique-conceptioncuir\/accessoires-en\/beauty-accessorires-en\/sac-a-cosmetique-victoria-fleur-4-2\/","title":{"rendered":"COSMETIC BAG  VICTORIA tree 4"},"content":{"rendered":"<p>This is a pretty black leather cosmetic bag, practical and pretty for bathroom counters and ideal for carrying all your beauty products. Marine cosmetic bag with an exterior zippered pouch, waterproof and washable interior lining.<\/p>\n<p>SIZE: 14 \u201d wide x 63\/4 \u201d x high x 3\u00bd \u201d deep<\/p>\n","protected":false},"excerpt":{"rendered":"<p>C\u2019est un jolie sac \u00e0 cosm\u00e9tique en cuir black, pratique et jolie pour les comptoirs de salle de bain et id\u00e9al pour transporter tout vos produits de beaut\u00e9.<\/p>\n","protected":false},"featured_media":14120,"template":"","meta":[],"product_brand":[],"product_cat":[341,238,437,450],"product_tag":[],"class_list":{"0":"post-14109","1":"product","2":"type-product","3":"status-publish","4":"has-post-thumbnail","6":"product_cat-accessoires-en","7":"product_cat-beauty-accessorires-en","8":"product_cat-beauty-accessories-artistic","9":"product_cat-men-en","11":"first","12":"instock","13":"taxable","14":"shipping-taxable","15":"purchasable","16":"product-type-simple"},"_links":{"self":[{"href":"https:\/\/conceptioncuir.com\/en\/wp-json\/wp\/v2\/product\/14109","targetHints":{"allow":["GET"]}}],"collection":[{"href":"https:\/\/conceptioncuir.com\/en\/wp-json\/wp\/v2\/product"}],"about":[{"href":"https:\/\/conceptioncuir.com\/en\/wp-json\/wp\/v2\/types\/product"}],"wp:featuredmedia":[{"embeddable":true,"href":"https:\/\/conceptioncuir.com\/en\/wp-json\/wp\/v2\/media\/14120"}],"wp:attachment":[{"href":"https:\/\/conceptioncuir.com\/en\/wp-json\/wp\/v2\/media?parent=14109"}],"wp:term":[{"taxonomy":"product_brand","embeddable":true,"href":"https:\/\/conceptioncuir.com\/en\/wp-json\/wp\/v2\/product_brand?post=14109"},{"taxonomy":"product_cat","embeddable":true,"href":"https:\/\/conceptioncuir.com\/en\/wp-json\/wp\/v2\/product_cat?post=14109"},{"taxonomy":"product_tag","embeddable":true,"href":"https:\/\/conceptioncuir.com\/en\/wp-json\/wp\/v2\/product_tag?post=14109"}],"curies":[{"name":"wp","href":"https:\/\/api.w.org\/{rel}","templated":true}]}}