{"id":13472,"date":"2021-03-19T15:03:36","date_gmt":"2021-03-19T19:03:36","guid":{"rendered":"https:\/\/conceptioncuir.com\/boutique-conceptioncuir\/sac-a-cosmetiques-victoria\/"},"modified":"2021-10-25T08:52:01","modified_gmt":"2021-10-25T12:52:01","slug":"sac-a-cosmetiques-victoria","status":"publish","type":"product","link":"https:\/\/conceptioncuir.com\/en\/boutique-conceptioncuir\/classic-en\/beauty-accessories-classic\/sac-a-cosmetiques-victoria\/","title":{"rendered":"SAC \u00c0 COSM\u00c9TIQUES VICTORIA"},"content":{"rendered":"<p>Sac \u00e0 cosm\u00e9tiques petit, noir avec fermeture \u00e9clair ext\u00e9rieur,doublure int\u00e9rieur imperm\u00e9able et lavable.<\/p>\n<p>GRANDEUR :14po de largeur x 63\/4po x hauteur x 3\u00bdpo de profondeur<\/p>\n","protected":false},"excerpt":{"rendered":"<p>Sac \u00e0 cosm\u00e9tiques grand, noir<\/p>\n","protected":false},"featured_media":13469,"template":"","meta":[],"product_brand":[],"product_cat":[341,238,432],"product_tag":[],"class_list":{"0":"post-13472","1":"product","2":"type-product","3":"status-publish","4":"has-post-thumbnail","6":"product_cat-accessoires-en","7":"product_cat-beauty-accessorires-en","8":"product_cat-beauty-accessories-classic","10":"first","11":"instock","12":"taxable","13":"shipping-taxable","14":"purchasable","15":"product-type-simple"},"_links":{"self":[{"href":"https:\/\/conceptioncuir.com\/en\/wp-json\/wp\/v2\/product\/13472","targetHints":{"allow":["GET"]}}],"collection":[{"href":"https:\/\/conceptioncuir.com\/en\/wp-json\/wp\/v2\/product"}],"about":[{"href":"https:\/\/conceptioncuir.com\/en\/wp-json\/wp\/v2\/types\/product"}],"wp:featuredmedia":[{"embeddable":true,"href":"https:\/\/conceptioncuir.com\/en\/wp-json\/wp\/v2\/media\/13469"}],"wp:attachment":[{"href":"https:\/\/conceptioncuir.com\/en\/wp-json\/wp\/v2\/media?parent=13472"}],"wp:term":[{"taxonomy":"product_brand","embeddable":true,"href":"https:\/\/conceptioncuir.com\/en\/wp-json\/wp\/v2\/product_brand?post=13472"},{"taxonomy":"product_cat","embeddable":true,"href":"https:\/\/conceptioncuir.com\/en\/wp-json\/wp\/v2\/product_cat?post=13472"},{"taxonomy":"product_tag","embeddable":true,"href":"https:\/\/conceptioncuir.com\/en\/wp-json\/wp\/v2\/product_tag?post=13472"}],"curies":[{"name":"wp","href":"https:\/\/api.w.org\/{rel}","templated":true}]}}