{"id":13291,"date":"2020-12-01T12:41:48","date_gmt":"2020-12-01T17:41:48","guid":{"rendered":"https:\/\/conceptioncuir.com\/boutique-conceptioncuir\/rose-helene-causeuse\/"},"modified":"2021-04-14T10:39:36","modified_gmt":"2021-04-14T14:39:36","slug":"rose-helene-causeuse","status":"publish","type":"product","link":"https:\/\/conceptioncuir.com\/en\/boutique-conceptioncuir\/furniture-en\/sofas\/rose-helene-causeuse\/","title":{"rendered":"ROSE- H\u00c9L\u00c8NE causeuse"},"content":{"rendered":"<p>Une causeuse g\u00e9niale pour des touches de couleur chez soi , confortable en cuir de vache ,disponible dans toutes les couleurs<\/p>\n<p>Prix sur demande<\/p>\n","protected":false},"excerpt":{"rendered":"<p>La causeuse\u00a0 Rose -H\u00e9l\u00e8ne<\/p>\n","protected":false},"featured_media":12369,"template":"","meta":[],"product_brand":[],"product_cat":[328,329,419],"product_tag":[336,119,337,338,123,139,339],"class_list":{"0":"post-13291","1":"product","2":"type-product","3":"status-publish","4":"has-post-thumbnail","6":"product_cat-artistic-en","7":"product_cat-furniture-en","8":"product_cat-sofas","9":"product_tag-chic-en","10":"product_tag-cuir-veritable-en","11":"product_tag-durable-en","12":"product_tag-fait-a-la-main-en","13":"product_tag-fait-au-quebec-en","14":"product_tag-meubles-de-cuir-en","15":"product_tag-unique-en","17":"first","18":"instock","19":"taxable","20":"shipping-taxable","21":"product-type-simple"},"_links":{"self":[{"href":"https:\/\/conceptioncuir.com\/en\/wp-json\/wp\/v2\/product\/13291","targetHints":{"allow":["GET"]}}],"collection":[{"href":"https:\/\/conceptioncuir.com\/en\/wp-json\/wp\/v2\/product"}],"about":[{"href":"https:\/\/conceptioncuir.com\/en\/wp-json\/wp\/v2\/types\/product"}],"wp:featuredmedia":[{"embeddable":true,"href":"https:\/\/conceptioncuir.com\/en\/wp-json\/wp\/v2\/media\/12369"}],"wp:attachment":[{"href":"https:\/\/conceptioncuir.com\/en\/wp-json\/wp\/v2\/media?parent=13291"}],"wp:term":[{"taxonomy":"product_brand","embeddable":true,"href":"https:\/\/conceptioncuir.com\/en\/wp-json\/wp\/v2\/product_brand?post=13291"},{"taxonomy":"product_cat","embeddable":true,"href":"https:\/\/conceptioncuir.com\/en\/wp-json\/wp\/v2\/product_cat?post=13291"},{"taxonomy":"product_tag","embeddable":true,"href":"https:\/\/conceptioncuir.com\/en\/wp-json\/wp\/v2\/product_tag?post=13291"}],"curies":[{"name":"wp","href":"https:\/\/api.w.org\/{rel}","templated":true}]}}